{"id":103,"date":"2023-01-24T17:54:42","date_gmt":"2023-01-24T17:54:42","guid":{"rendered":"https:\/\/cetprofeyalegria21.edu.pe\/?page_id=103"},"modified":"2025-11-04T21:59:33","modified_gmt":"2025-11-04T21:59:33","slug":"vision-y-mision","status":"publish","type":"page","link":"https:\/\/cetprofeyalegria21.edu.pe\/index.php\/vision-y-mision\/","title":{"rendered":"Visi\u00f3n y Misi\u00f3n"},"content":{"rendered":"\t\t<div data-elementor-type=\"wp-page\" data-elementor-id=\"103\" class=\"elementor elementor-103\" data-elementor-settings=\"[]\">\n\t\t\t\t\t\t\t<div class=\"elementor-section-wrap\">\n\t\t\t\t\t\t\t<section class=\"elementor-section elementor-top-section elementor-element elementor-element-25bd84ac elementor-section-content-middle elementor-section-boxed elementor-section-height-default elementor-section-height-default\" data-id=\"25bd84ac\" data-element_type=\"section\" data-settings=\"{&quot;background_background&quot;:&quot;classic&quot;}\">\n\t\t\t\t\t\t<div class=\"elementor-container elementor-column-gap-no\">\n\t\t\t\t\t<div class=\"elementor-column elementor-col-100 elementor-top-column elementor-element elementor-element-48bedab\" data-id=\"48bedab\" data-element_type=\"column\">\n\t\t\t<div class=\"elementor-widget-wrap\">\n\t\t\t\t\t\t\t\t\t<\/div>\n\t\t<\/div>\n\t\t\t\t\t\t\t<\/div>\n\t\t<\/section>\n\t\t\t\t<section class=\"elementor-section elementor-top-section elementor-element elementor-element-1f3260e elementor-section-boxed elementor-section-height-default elementor-section-height-default\" data-id=\"1f3260e\" data-element_type=\"section\">\n\t\t\t\t\t\t<div class=\"elementor-container elementor-column-gap-default\">\n\t\t\t\t\t<div class=\"elementor-column elementor-col-100 elementor-top-column elementor-element elementor-element-89b1dd1\" data-id=\"89b1dd1\" data-element_type=\"column\">\n\t\t\t<div class=\"elementor-widget-wrap elementor-element-populated\">\n\t\t\t\t\t\t\t\t<div class=\"elementor-element elementor-element-09b7a85 elementor-widget elementor-widget-heading\" data-id=\"09b7a85\" data-element_type=\"widget\" data-widget_type=\"heading.default\">\n\t\t\t\t<div class=\"elementor-widget-container\">\n\t\t\t<style>\/*! elementor - v3.5.3 - 28-12-2021 *\/\n.elementor-heading-title{padding:0;margin:0;line-height:1}.elementor-widget-heading .elementor-heading-title[class*=elementor-size-]>a{color:inherit;font-size:inherit;line-height:inherit}.elementor-widget-heading .elementor-heading-title.elementor-size-small{font-size:15px}.elementor-widget-heading .elementor-heading-title.elementor-size-medium{font-size:19px}.elementor-widget-heading .elementor-heading-title.elementor-size-large{font-size:29px}.elementor-widget-heading .elementor-heading-title.elementor-size-xl{font-size:39px}.elementor-widget-heading .elementor-heading-title.elementor-size-xxl{font-size:59px}<\/style><h2 class=\"elementor-heading-title elementor-size-xxl\">VISI\u00d3N Y MISI\u00d3N<\/h2>\t\t<\/div>\n\t\t\t\t<\/div>\n\t\t\t\t\t<\/div>\n\t\t<\/div>\n\t\t\t\t\t\t\t<\/div>\n\t\t<\/section>\n\t\t\t\t<section class=\"elementor-section elementor-top-section elementor-element elementor-element-9552e10 elementor-section-boxed elementor-section-height-default elementor-section-height-default\" data-id=\"9552e10\" data-element_type=\"section\">\n\t\t\t\t\t\t<div class=\"elementor-container elementor-column-gap-default\">\n\t\t\t\t\t<div class=\"elementor-column elementor-col-100 elementor-top-column elementor-element elementor-element-90ea91a\" data-id=\"90ea91a\" data-element_type=\"column\">\n\t\t\t<div class=\"elementor-widget-wrap elementor-element-populated\">\n\t\t\t\t\t\t\t\t<div class=\"elementor-element elementor-element-f4e57ae elementor-absolute elementor-widget elementor-widget-heading\" data-id=\"f4e57ae\" data-element_type=\"widget\" data-settings=\"{&quot;_position&quot;:&quot;absolute&quot;}\" data-widget_type=\"heading.default\">\n\t\t\t\t<div class=\"elementor-widget-container\">\n\t\t\t<h2 class=\"elementor-heading-title elementor-size-xxl\">VISI\u00d3N<\/h2>\t\t<\/div>\n\t\t\t\t<\/div>\n\t\t\t\t\t<\/div>\n\t\t<\/div>\n\t\t\t\t\t\t\t<\/div>\n\t\t<\/section>\n\t\t\t\t<section class=\"elementor-section elementor-top-section elementor-element elementor-element-521ce3ab elementor-section-content-middle elementor-section-boxed elementor-section-height-default elementor-section-height-default\" data-id=\"521ce3ab\" data-element_type=\"section\" data-settings=\"{&quot;background_background&quot;:&quot;classic&quot;}\">\n\t\t\t\t\t\t<div class=\"elementor-container elementor-column-gap-no\">\n\t\t\t\t\t<div class=\"elementor-column elementor-col-100 elementor-top-column elementor-element elementor-element-ae073b6\" data-id=\"ae073b6\" data-element_type=\"column\">\n\t\t\t<div class=\"elementor-widget-wrap elementor-element-populated\">\n\t\t\t\t\t\t\t\t<div class=\"elementor-element elementor-element-520359df elementor-widget elementor-widget-text-editor\" data-id=\"520359df\" data-element_type=\"widget\" data-widget_type=\"text-editor.default\">\n\t\t\t\t<div class=\"elementor-widget-container\">\n\t\t\t<style>\/*! elementor - v3.5.3 - 28-12-2021 *\/\n.elementor-widget-text-editor.elementor-drop-cap-view-stacked .elementor-drop-cap{background-color:#818a91;color:#fff}.elementor-widget-text-editor.elementor-drop-cap-view-framed .elementor-drop-cap{color:#818a91;border:3px solid;background-color:transparent}.elementor-widget-text-editor:not(.elementor-drop-cap-view-default) .elementor-drop-cap{margin-top:8px}.elementor-widget-text-editor:not(.elementor-drop-cap-view-default) .elementor-drop-cap-letter{width:1em;height:1em}.elementor-widget-text-editor .elementor-drop-cap{float:left;text-align:center;line-height:1;font-size:50px}.elementor-widget-text-editor .elementor-drop-cap-letter{display:inline-block}<\/style>\t\t\t\t<p class=\"CDt4Ke zfr3Q\" dir=\"ltr\">\u00a0<\/p><p class=\"CDt4Ke zfr3Q\" dir=\"ltr\">Al 2027 el CETPRO Nuestra Se\u00f1ora del Rosario Fe y Alegr\u00eda N\u00b021, ser\u00e1 una Instituci\u00f3n educativa acreditada l\u00edder en la formaci\u00f3n t\u00e9cnica con infraestructura y equipamiento acorde al avance tecnol\u00f3gico, con docentes tecnol\u00f3gica y pedag\u00f3gicamente actualizados, con una gesti\u00f3n participativa y liderazgo pedag\u00f3gico y con egresados competitivos, pro-activos y emprendedores, preparados para enfrentar con \u00e9xito las exigencias de un mundo globalizado en lo personal, laboral y social, contribuyendo de esta manera a la transformaci\u00f3n de la comunidad con propuestas pedag\u00f3gicas innovadoras.<\/p>\t\t\t\t\t\t<\/div>\n\t\t\t\t<\/div>\n\t\t\t\t\t<\/div>\n\t\t<\/div>\n\t\t\t\t\t\t\t<\/div>\n\t\t<\/section>\n\t\t\t\t<section class=\"elementor-section elementor-top-section elementor-element elementor-element-8a03149 elementor-section-content-middle elementor-section-boxed elementor-section-height-default elementor-section-height-default\" data-id=\"8a03149\" data-element_type=\"section\" data-settings=\"{&quot;background_background&quot;:&quot;classic&quot;}\">\n\t\t\t\t\t\t<div class=\"elementor-container elementor-column-gap-no\">\n\t\t\t\t\t<div class=\"elementor-column elementor-col-100 elementor-top-column elementor-element elementor-element-3e035e8\" data-id=\"3e035e8\" data-element_type=\"column\">\n\t\t\t<div class=\"elementor-widget-wrap elementor-element-populated\">\n\t\t\t\t\t\t\t\t<div class=\"elementor-element elementor-element-70a5ff8 elementor-widget elementor-widget-heading\" data-id=\"70a5ff8\" data-element_type=\"widget\" data-widget_type=\"heading.default\">\n\t\t\t\t<div class=\"elementor-widget-container\">\n\t\t\t<h4 class=\"elementor-heading-title elementor-size-xxl\">MISI\u00d3N<\/h4>\t\t<\/div>\n\t\t\t\t<\/div>\n\t\t\t\t<div class=\"elementor-element elementor-element-5b05502 elementor-widget elementor-widget-text-editor\" data-id=\"5b05502\" data-element_type=\"widget\" data-widget_type=\"text-editor.default\">\n\t\t\t\t<div class=\"elementor-widget-container\">\n\t\t\t\t\t\t\t<p class=\"CDt4Ke zfr3Q\" dir=\"ltr\"><span style=\"color: #000000; font-family: arial, helvetica, sans-serif;\">Somos una Instituci\u00f3n Educativa p\u00fablica de Gesti\u00f3n Privada del \u00e1mbito urbano. Asumimos la misi\u00f3n del movimiento de Fe y Alegr\u00eda del Per\u00fa y el carisma de la Congregaci\u00f3n de las Religiosas del Ni\u00f1os Jes\u00fas, donde se fortalece el buen trato y el desarrollo de la igualdad de oportunidades, potencializando la educaci\u00f3n t\u00e9cnico productiva, promoviendo el desarrollo integral, formaci\u00f3n en valores, desarrollando capacidades emprendedoras, fortaleciendo su mentalidad y aptitud productiva y empresarial que le permitan insertarse o reinsertarse al mercado laboral y generar su propia fuente de ingreso que contribuya con el desarrollo local, regional y nacional. Revalorando las costumbres y tradiciones para el desarrollo de su identidad, con un acompa\u00f1amiento cercano de calidad.<\/span><\/p>\t\t\t\t\t\t<\/div>\n\t\t\t\t<\/div>\n\t\t\t\t\t<\/div>\n\t\t<\/div>\n\t\t\t\t\t\t\t<\/div>\n\t\t<\/section>\n\t\t\t\t<section class=\"elementor-section elementor-top-section elementor-element elementor-element-c765954 elementor-section-content-middle elementor-section-boxed elementor-section-height-default elementor-section-height-default\" data-id=\"c765954\" data-element_type=\"section\" data-settings=\"{&quot;background_background&quot;:&quot;classic&quot;}\">\n\t\t\t\t\t\t<div class=\"elementor-container elementor-column-gap-no\">\n\t\t\t\t\t<div class=\"elementor-column elementor-col-100 elementor-top-column elementor-element elementor-element-575f07e\" data-id=\"575f07e\" data-element_type=\"column\">\n\t\t\t<div class=\"elementor-widget-wrap elementor-element-populated\">\n\t\t\t\t\t\t\t\t<div class=\"elementor-element elementor-element-8fc6d43 elementor-widget elementor-widget-heading\" data-id=\"8fc6d43\" data-element_type=\"widget\" data-widget_type=\"heading.default\">\n\t\t\t\t<div class=\"elementor-widget-container\">\n\t\t\t<h4 class=\"elementor-heading-title elementor-size-small\">VALORES<\/h4>\t\t<\/div>\n\t\t\t\t<\/div>\n\t\t\t\t<div class=\"elementor-element elementor-element-9858468 elementor-widget elementor-widget-text-editor\" data-id=\"9858468\" data-element_type=\"widget\" data-widget_type=\"text-editor.default\">\n\t\t\t\t<div class=\"elementor-widget-container\">\n\t\t\t\t\t\t\t<ol class=\"n8H08c BKnRcf\"><li class=\"TYR86d wXCUfe zfr3Q\" dir=\"ltr\"><p class=\"CDt4Ke zfr3Q\" dir=\"ltr\"><span style=\"font-family: arial, helvetica, sans-serif; color: #000000;\">Fe.-\u00a0Confianza en Dios y la confianza en uno mismo para transformar el mundo. Expresa la fidelidad de lo que somos y lo que podemos dar a los dem\u00e1s a trav\u00e9s de nuestro servicio educativo.<\/span><\/p><\/li><li class=\"TYR86d wXCUfe zfr3Q\" dir=\"ltr\"><p class=\"CDt4Ke zfr3Q\" dir=\"ltr\"><span style=\"font-family: arial, helvetica, sans-serif; color: #000000;\">Solidaridad.-\u00a0Cooperaci\u00f3n entre los miembros de la comunidad del Instituto. Compartimos nuestros conocimientos a trav\u00e9s de la proyecci\u00f3n social, tenemos compromiso con la comunidad y colaboraci\u00f3n mutua pensando en los dem\u00e1s.<\/span><\/p><\/li><li class=\"TYR86d wXCUfe zfr3Q\" dir=\"ltr\"><p class=\"CDt4Ke zfr3Q\" dir=\"ltr\"><span style=\"font-family: arial, helvetica, sans-serif; color: #000000;\">Respeto.-\u00a0Reconocemos, aceptamos y nos acogemos unos a otros, respetando sus ideas, diferencias y derechos.<\/span><\/p><\/li><li class=\"TYR86d wXCUfe zfr3Q\" dir=\"ltr\"><p class=\"CDt4Ke zfr3Q\" dir=\"ltr\"><span style=\"font-family: arial, helvetica, sans-serif; color: #000000;\">Responsabilidad.-\u00a0Cuidamos de nosotros mismos y de los dem\u00e1s, como personas \u00edntegras y como profesionales cumpliendo nuestros compromisos, asumiendo las consecuencias de nuestros actos.<\/span><\/p><\/li><\/ol>\t\t\t\t\t\t<\/div>\n\t\t\t\t<\/div>\n\t\t\t\t\t<\/div>\n\t\t<\/div>\n\t\t\t\t\t\t\t<\/div>\n\t\t<\/section>\n\t\t\t\t<section class=\"elementor-section elementor-top-section elementor-element elementor-element-a7a85e4 elementor-section-full_width elementor-section-height-default elementor-section-height-default\" data-id=\"a7a85e4\" data-element_type=\"section\" data-settings=\"{&quot;background_background&quot;:&quot;classic&quot;}\">\n\t\t\t\t\t\t<div class=\"elementor-container elementor-column-gap-default\">\n\t\t\t\t\t<div class=\"elementor-column elementor-col-25 elementor-top-column elementor-element elementor-element-2260811\" data-id=\"2260811\" data-element_type=\"column\">\n\t\t\t<div class=\"elementor-widget-wrap elementor-element-populated\">\n\t\t\t\t\t\t\t\t<div class=\"elementor-element elementor-element-bb0b057 elementor-widget elementor-widget-heading\" data-id=\"bb0b057\" data-element_type=\"widget\" data-widget_type=\"heading.default\">\n\t\t\t\t<div class=\"elementor-widget-container\">\n\t\t\t<h2 class=\"elementor-heading-title elementor-size-default\">\u00bfQUI\u00c9NES SOMOS?<\/h2>\t\t<\/div>\n\t\t\t\t<\/div>\n\t\t\t\t<div class=\"elementor-element elementor-element-b3cc9e2 elementor-widget elementor-widget-text-editor\" data-id=\"b3cc9e2\" data-element_type=\"widget\" data-widget_type=\"text-editor.default\">\n\t\t\t\t<div class=\"elementor-widget-container\">\n\t\t\t\t\t\t\t<p><span style=\"font-size: 10pt; font-family: arial, helvetica, sans-serif;\"><strong><span style=\"color: #ffffff;\">Somos una Instituci\u00f3n<\/span><\/strong><\/span> <span style=\"color: #ffffff;\"><strong><span style=\"font-family: arial, helvetica, sans-serif; font-size: 10pt;\">T\u00e9cnico-Productiva Cetpro Nuestra Se\u00f1ora del Rosario Fe y Alegr\u00eda 21 que brinda formaci\u00f3n a personas vulnerables con habilidades emprendedoras, ofreciendo una educaci\u00f3n de calidad y en valores.<\/span><\/strong><\/span><\/p>\t\t\t\t\t\t<\/div>\n\t\t\t\t<\/div>\n\t\t\t\t\t<\/div>\n\t\t<\/div>\n\t\t\t\t<div class=\"elementor-column elementor-col-25 elementor-top-column elementor-element elementor-element-7417c1e\" data-id=\"7417c1e\" data-element_type=\"column\">\n\t\t\t<div class=\"elementor-widget-wrap elementor-element-populated\">\n\t\t\t\t\t\t\t\t<div class=\"elementor-element elementor-element-8cf07e6 elementor-widget elementor-widget-heading\" data-id=\"8cf07e6\" data-element_type=\"widget\" data-widget_type=\"heading.default\">\n\t\t\t\t<div class=\"elementor-widget-container\">\n\t\t\t<h2 class=\"elementor-heading-title elementor-size-default\">SEDE INSTITUCIONAL\n<\/h2>\t\t<\/div>\n\t\t\t\t<\/div>\n\t\t\t\t<div class=\"elementor-element elementor-element-531571c elementor-widget elementor-widget-text-editor\" data-id=\"531571c\" data-element_type=\"widget\" data-widget_type=\"text-editor.default\">\n\t\t\t\t<div class=\"elementor-widget-container\">\n\t\t\t\t\t\t\t<p><span style=\"font-size: 10pt; font-family: arial, helvetica, sans-serif; color: #ffffff;\"><strong>Cetpro Nuestra Se\u00f1ora del Rosario Fe y Alegr\u00eda 21<\/strong><\/span><br \/><span style=\"font-size: 10pt; font-family: arial, helvetica, sans-serif; color: #ffffff;\"><strong>Calle Arica N\u00b0 363 &#8211; San Jer\u00f3nimo, Ciudad del Cuzco, Per\u00fa, 080006<\/strong><\/span><br \/><span style=\"font-size: 10pt; font-family: arial, helvetica, sans-serif; color: #ffffff;\"><strong>Ciudad del Cuzco, Per\u00fa<\/strong><\/span><\/p>\t\t\t\t\t\t<\/div>\n\t\t\t\t<\/div>\n\t\t\t\t\t<\/div>\n\t\t<\/div>\n\t\t\t\t<div class=\"elementor-column elementor-col-25 elementor-top-column elementor-element elementor-element-ef64697\" data-id=\"ef64697\" data-element_type=\"column\">\n\t\t\t<div class=\"elementor-widget-wrap elementor-element-populated\">\n\t\t\t\t\t\t\t\t<div class=\"elementor-element elementor-element-785a866 elementor-widget elementor-widget-heading\" data-id=\"785a866\" data-element_type=\"widget\" data-widget_type=\"heading.default\">\n\t\t\t\t<div class=\"elementor-widget-container\">\n\t\t\t<h2 class=\"elementor-heading-title elementor-size-default\">CONT\u00c1CTENOS\n<\/h2>\t\t<\/div>\n\t\t\t\t<\/div>\n\t\t\t\t<div class=\"elementor-element elementor-element-212395a elementor-widget elementor-widget-text-editor\" data-id=\"212395a\" data-element_type=\"widget\" data-widget_type=\"text-editor.default\">\n\t\t\t\t<div class=\"elementor-widget-container\">\n\t\t\t\t\t\t\t<p><span style=\"color: #ffffff;\"><strong><span style=\"font-family: arial, helvetica, sans-serif; font-size: 10pt;\">OLIVA SALAS ANA ISABEL<\/span><\/strong><\/span><br \/><span style=\"color: #ffffff;\"><strong><span style=\"font-family: arial, helvetica, sans-serif; font-size: 10pt;\">Correo: aoliva@cetprofeyalegria21.edu.pe<\/span><\/strong><\/span><br \/><span style=\"color: #ffffff;\"><strong><span style=\"font-family: arial, helvetica, sans-serif; font-size: 10pt;\">Tel\u00e9fono: 920584019<\/span><\/strong><\/span><\/p>\t\t\t\t\t\t<\/div>\n\t\t\t\t<\/div>\n\t\t\t\t\t<\/div>\n\t\t<\/div>\n\t\t\t\t<div class=\"elementor-column elementor-col-25 elementor-top-column elementor-element elementor-element-8f8c322\" data-id=\"8f8c322\" data-element_type=\"column\">\n\t\t\t<div class=\"elementor-widget-wrap elementor-element-populated\">\n\t\t\t\t\t\t\t\t<div class=\"elementor-element elementor-element-4d08aa7 elementor-widget elementor-widget-image\" data-id=\"4d08aa7\" data-element_type=\"widget\" data-widget_type=\"image.default\">\n\t\t\t\t<div class=\"elementor-widget-container\">\n\t\t\t<style>\/*! elementor - v3.5.3 - 28-12-2021 *\/\n.elementor-widget-image{text-align:center}.elementor-widget-image a{display:inline-block}.elementor-widget-image a img[src$=\".svg\"]{width:48px}.elementor-widget-image img{vertical-align:middle;display:inline-block}<\/style>\t\t\t\t\t\t\t\t\t\t\t\t<img loading=\"lazy\" decoding=\"async\" width=\"148\" height=\"172\" src=\"https:\/\/cetprofeyalegria21.edu.pe\/wp-content\/uploads\/2022\/01\/geg.png\" class=\"attachment-large size-large\" alt=\"\" \/>\t\t\t\t\t\t\t\t\t\t\t\t\t\t\t<\/div>\n\t\t\t\t<\/div>\n\t\t\t\t\t<\/div>\n\t\t<\/div>\n\t\t\t\t\t\t\t<\/div>\n\t\t<\/section>\n\t\t\t\t\t\t<\/div>\n\t\t\t\t\t<\/div>\n\t\t","protected":false},"excerpt":{"rendered":"<p>VISI\u00d3N Y MISI\u00d3N VISI\u00d3N \u00a0 Al 2027 el CETPRO Nuestra Se\u00f1ora del Rosario Fe y Alegr\u00eda N\u00b021, ser\u00e1 una Instituci\u00f3n educativa acreditada l\u00edder en la formaci\u00f3n t\u00e9cnica con infraestructura y equipamiento acorde al avance tecnol\u00f3gico, con docentes tecnol\u00f3gica y pedag\u00f3gicamente actualizados, con una gesti\u00f3n participativa y liderazgo pedag\u00f3gico y con egresados competitivos, pro-activos y emprendedores, &hellip;<\/p>\n<p class=\"read-more\"> <a class=\"\" href=\"https:\/\/cetprofeyalegria21.edu.pe\/index.php\/vision-y-mision\/\"> <span class=\"screen-reader-text\">Visi\u00f3n y Misi\u00f3n<\/span> Read More &raquo;<\/a><\/p>\n","protected":false},"author":1,"featured_media":0,"parent":0,"menu_order":0,"comment_status":"closed","ping_status":"closed","template":"","meta":{"site-sidebar-layout":"no-sidebar","site-content-layout":"page-builder","ast-main-header-display":"","ast-hfb-above-header-display":"","ast-hfb-below-header-display":"","ast-hfb-mobile-header-display":"","site-post-title":"disabled","ast-breadcrumbs-content":"","ast-featured-img":"disabled","footer-sml-layout":"","theme-transparent-header-meta":"","adv-header-id-meta":"","stick-header-meta":"","header-above-stick-meta":"","header-main-stick-meta":"","header-below-stick-meta":"","footnotes":""},"class_list":["post-103","page","type-page","status-publish","hentry"],"_links":{"self":[{"href":"https:\/\/cetprofeyalegria21.edu.pe\/index.php\/wp-json\/wp\/v2\/pages\/103","targetHints":{"allow":["GET"]}}],"collection":[{"href":"https:\/\/cetprofeyalegria21.edu.pe\/index.php\/wp-json\/wp\/v2\/pages"}],"about":[{"href":"https:\/\/cetprofeyalegria21.edu.pe\/index.php\/wp-json\/wp\/v2\/types\/page"}],"author":[{"embeddable":true,"href":"https:\/\/cetprofeyalegria21.edu.pe\/index.php\/wp-json\/wp\/v2\/users\/1"}],"replies":[{"embeddable":true,"href":"https:\/\/cetprofeyalegria21.edu.pe\/index.php\/wp-json\/wp\/v2\/comments?post=103"}],"version-history":[{"count":46,"href":"https:\/\/cetprofeyalegria21.edu.pe\/index.php\/wp-json\/wp\/v2\/pages\/103\/revisions"}],"predecessor-version":[{"id":431,"href":"https:\/\/cetprofeyalegria21.edu.pe\/index.php\/wp-json\/wp\/v2\/pages\/103\/revisions\/431"}],"wp:attachment":[{"href":"https:\/\/cetprofeyalegria21.edu.pe\/index.php\/wp-json\/wp\/v2\/media?parent=103"}],"curies":[{"name":"wp","href":"https:\/\/api.w.org\/{rel}","templated":true}]}}