{"id":83,"date":"2022-01-13T03:16:32","date_gmt":"2022-01-13T03:16:32","guid":{"rendered":"https:\/\/cetprofeyalegria21.edu.pe\/?page_id=83"},"modified":"2023-06-30T21:20:20","modified_gmt":"2023-06-30T21:20:20","slug":"nosotros","status":"publish","type":"page","link":"https:\/\/cetprofeyalegria21.edu.pe\/index.php\/nosotros\/","title":{"rendered":"Nosotros"},"content":{"rendered":"\t\t<div data-elementor-type=\"wp-page\" data-elementor-id=\"83\" class=\"elementor elementor-83\" data-elementor-settings=\"[]\">\n\t\t\t\t\t\t\t<div class=\"elementor-section-wrap\">\n\t\t\t\t\t\t\t<section class=\"elementor-section elementor-top-section elementor-element elementor-element-25bd84ac elementor-section-content-middle elementor-section-boxed elementor-section-height-default elementor-section-height-default\" data-id=\"25bd84ac\" data-element_type=\"section\" data-settings=\"{&quot;background_background&quot;:&quot;classic&quot;}\">\n\t\t\t\t\t\t<div class=\"elementor-container elementor-column-gap-no\">\n\t\t\t\t\t<div class=\"elementor-column elementor-col-100 elementor-top-column elementor-element elementor-element-8605fe9\" data-id=\"8605fe9\" data-element_type=\"column\">\n\t\t\t<div class=\"elementor-widget-wrap\">\n\t\t\t\t\t\t\t\t\t<\/div>\n\t\t<\/div>\n\t\t\t\t\t\t\t<\/div>\n\t\t<\/section>\n\t\t\t\t<section class=\"elementor-section elementor-top-section elementor-element elementor-element-5d5883e elementor-section-boxed elementor-section-height-default elementor-section-height-default\" data-id=\"5d5883e\" data-element_type=\"section\">\n\t\t\t\t\t\t<div class=\"elementor-container elementor-column-gap-default\">\n\t\t\t\t\t<div class=\"elementor-column elementor-col-100 elementor-top-column elementor-element elementor-element-cd5cd4c\" data-id=\"cd5cd4c\" data-element_type=\"column\">\n\t\t\t<div class=\"elementor-widget-wrap elementor-element-populated\">\n\t\t\t\t\t\t\t\t<div class=\"elementor-element elementor-element-a745b55 elementor-widget elementor-widget-heading\" data-id=\"a745b55\" data-element_type=\"widget\" data-widget_type=\"heading.default\">\n\t\t\t\t<div class=\"elementor-widget-container\">\n\t\t\t<style>\/*! elementor - v3.5.3 - 28-12-2021 *\/\n.elementor-heading-title{padding:0;margin:0;line-height:1}.elementor-widget-heading .elementor-heading-title[class*=elementor-size-]>a{color:inherit;font-size:inherit;line-height:inherit}.elementor-widget-heading .elementor-heading-title.elementor-size-small{font-size:15px}.elementor-widget-heading .elementor-heading-title.elementor-size-medium{font-size:19px}.elementor-widget-heading .elementor-heading-title.elementor-size-large{font-size:29px}.elementor-widget-heading .elementor-heading-title.elementor-size-xl{font-size:39px}.elementor-widget-heading .elementor-heading-title.elementor-size-xxl{font-size:59px}<\/style><h2 class=\"elementor-heading-title elementor-size-xxl\">NOSOTROS<\/h2>\t\t<\/div>\n\t\t\t\t<\/div>\n\t\t\t\t\t<\/div>\n\t\t<\/div>\n\t\t\t\t\t\t\t<\/div>\n\t\t<\/section>\n\t\t\t\t<section class=\"elementor-section elementor-top-section elementor-element elementor-element-521ce3ab elementor-section-content-middle elementor-section-boxed elementor-section-height-default elementor-section-height-default\" data-id=\"521ce3ab\" data-element_type=\"section\" data-settings=\"{&quot;background_background&quot;:&quot;classic&quot;}\">\n\t\t\t\t\t\t<div class=\"elementor-container elementor-column-gap-no\">\n\t\t\t\t\t<div class=\"elementor-column elementor-col-50 elementor-top-column elementor-element elementor-element-d6e3f13\" data-id=\"d6e3f13\" data-element_type=\"column\">\n\t\t\t<div class=\"elementor-widget-wrap elementor-element-populated\">\n\t\t\t\t\t\t\t\t<div class=\"elementor-element elementor-element-21df1749 elementor-widget__width-inherit elementor-absolute elementor-widget elementor-widget-image\" data-id=\"21df1749\" data-element_type=\"widget\" data-settings=\"{&quot;_position&quot;:&quot;absolute&quot;}\" data-widget_type=\"image.default\">\n\t\t\t\t<div class=\"elementor-widget-container\">\n\t\t\t<style>\/*! elementor - v3.5.3 - 28-12-2021 *\/\n.elementor-widget-image{text-align:center}.elementor-widget-image a{display:inline-block}.elementor-widget-image a img[src$=\".svg\"]{width:48px}.elementor-widget-image img{vertical-align:middle;display:inline-block}<\/style>\t\t\t\t\t\t\t\t\t\t\t\t<img loading=\"lazy\" decoding=\"async\" width=\"2560\" height=\"945\" src=\"https:\/\/cetprofeyalegria21.edu.pe\/wp-content\/uploads\/2023\/06\/portada-3-2-scaled.jpg\" class=\"attachment-full size-full\" alt=\"\" srcset=\"https:\/\/cetprofeyalegria21.edu.pe\/wp-content\/uploads\/2023\/06\/portada-3-2-scaled.jpg 2560w, https:\/\/cetprofeyalegria21.edu.pe\/wp-content\/uploads\/2023\/06\/portada-3-2-300x111.jpg 300w, https:\/\/cetprofeyalegria21.edu.pe\/wp-content\/uploads\/2023\/06\/portada-3-2-1024x378.jpg 1024w, https:\/\/cetprofeyalegria21.edu.pe\/wp-content\/uploads\/2023\/06\/portada-3-2-768x283.jpg 768w, https:\/\/cetprofeyalegria21.edu.pe\/wp-content\/uploads\/2023\/06\/portada-3-2-1536x567.jpg 1536w, https:\/\/cetprofeyalegria21.edu.pe\/wp-content\/uploads\/2023\/06\/portada-3-2-2048x756.jpg 2048w\" sizes=\"auto, (max-width: 2560px) 100vw, 2560px\" \/>\t\t\t\t\t\t\t\t\t\t\t\t\t\t\t<\/div>\n\t\t\t\t<\/div>\n\t\t\t\t\t<\/div>\n\t\t<\/div>\n\t\t\t\t<div class=\"elementor-column elementor-col-50 elementor-top-column elementor-element elementor-element-ae073b6\" data-id=\"ae073b6\" data-element_type=\"column\">\n\t\t\t<div class=\"elementor-widget-wrap elementor-element-populated\">\n\t\t\t\t\t\t\t\t<div class=\"elementor-element elementor-element-94cdd58 elementor-widget elementor-widget-heading\" data-id=\"94cdd58\" data-element_type=\"widget\" data-widget_type=\"heading.default\">\n\t\t\t\t<div class=\"elementor-widget-container\">\n\t\t\t<h2 class=\"elementor-heading-title elementor-size-xl\">NUESTRA HISTORIA<\/h2>\t\t<\/div>\n\t\t\t\t<\/div>\n\t\t\t\t<div class=\"elementor-element elementor-element-520359df elementor-widget elementor-widget-text-editor\" data-id=\"520359df\" data-element_type=\"widget\" data-widget_type=\"text-editor.default\">\n\t\t\t\t<div class=\"elementor-widget-container\">\n\t\t\t<style>\/*! elementor - v3.5.3 - 28-12-2021 *\/\n.elementor-widget-text-editor.elementor-drop-cap-view-stacked .elementor-drop-cap{background-color:#818a91;color:#fff}.elementor-widget-text-editor.elementor-drop-cap-view-framed .elementor-drop-cap{color:#818a91;border:3px solid;background-color:transparent}.elementor-widget-text-editor:not(.elementor-drop-cap-view-default) .elementor-drop-cap{margin-top:8px}.elementor-widget-text-editor:not(.elementor-drop-cap-view-default) .elementor-drop-cap-letter{width:1em;height:1em}.elementor-widget-text-editor .elementor-drop-cap{float:left;text-align:center;line-height:1;font-size:50px}.elementor-widget-text-editor .elementor-drop-cap-letter{display:inline-block}<\/style>\t\t\t\t<p class=\"CDt4Ke zfr3Q\" dir=\"ltr\">El Instituto de Educaci\u00f3n Superior Tecnol\u00f3gico P\u00fablico \u201cLos Morochucos\u201d fue creado gracias a la solicitud del alcalde el se\u00f1or Sergio Dipaz Cisneros, en el a\u00f1o 2008, instituida con la Resoluci\u00f3n Suprema N\u00ba 027 \u2013 2011 &#8211; ED de fecha 25 de junio del 2011, en convenio con la Asociaci\u00f3n Fe y Alegr\u00eda del Per\u00fa y el Ministerio de Educaci\u00f3n MINEDU; dando inicio a las labores acad\u00e9micas bajo la responsabilidad de la Congregaci\u00f3n de Hermanas de los Pobres Siervas del Sagrado Coraz\u00f3n (HPSSC), seg\u00fan convenio con Fe y Alegr\u00eda del Per\u00fa, a m\u00e9rito de convenio existente entre Fe y Alegr\u00eda del Per\u00fa y la congregaci\u00f3n, bajo esta circunstancia se designan Lic. Mary Lisbeth D\u00edaz Mej\u00eda, para asumir responsabilidad que compone la gesti\u00f3n acad\u00e9mica. Para el II semestre acad\u00e9mico; mes de agosto 2011, fue autorizada para su funcionamiento con la aprobaci\u00f3n de la \u00fanica carrera profesional de Industrias Alimentarias, siendo la meta de atenci\u00f3n de 30 estudiantes se da el proceso de admisi\u00f3n. El 29 de agosto del 2011 se inicia las actividades acad\u00e9micas en el local de la Parroquia \u201cVirgen de la Asunci\u00f3n\u201d, Pampa Cangallo, Distrito Los Morochucos, con veintid\u00f3s estudiantes, con la Direcci\u00f3n de la Lic. Libia Vargas Valle, paralelamente se dio inicio a la construcci\u00f3n de la infraestructura del IESTP \u201cLos Morochucos\u201d Fe y Alegr\u00eda N\u00b0 60 en la Av. 24 Junio s\/n, los estudiantes y docentes se trasladaron a la nueva infraestructura en noviembre del 2011, siendo Alcalde el Sr. Rotier G\u00f3mez Hinostroza, quien apoy\u00f3 con parte del mobiliario y otros materiales para dar impulso a la Educaci\u00f3n T\u00e9cnica, a estos inicios solo contamos con la aprobaci\u00f3n de tres profesionales contratados como docentes de la carrera, la Direcci\u00f3n de la instituci\u00f3n, la Jefatura de Unidad Acad\u00e9mica, fueron asumidas por los mismos docentes como cargos de confianza.<\/p><p class=\"CDt4Ke zfr3Q\" dir=\"ltr\">\u00a0<\/p>\t\t\t\t\t\t<\/div>\n\t\t\t\t<\/div>\n\t\t\t\t\t<\/div>\n\t\t<\/div>\n\t\t\t\t\t\t\t<\/div>\n\t\t<\/section>\n\t\t\t\t<section class=\"elementor-section elementor-top-section elementor-element elementor-element-a7a85e4 elementor-section-full_width elementor-section-height-default elementor-section-height-default\" data-id=\"a7a85e4\" data-element_type=\"section\" data-settings=\"{&quot;background_background&quot;:&quot;classic&quot;}\">\n\t\t\t\t\t\t<div class=\"elementor-container elementor-column-gap-default\">\n\t\t\t\t\t<div class=\"elementor-column elementor-col-25 elementor-top-column elementor-element elementor-element-2260811\" data-id=\"2260811\" data-element_type=\"column\">\n\t\t\t<div class=\"elementor-widget-wrap elementor-element-populated\">\n\t\t\t\t\t\t\t\t<div class=\"elementor-element elementor-element-bb0b057 elementor-widget elementor-widget-heading\" data-id=\"bb0b057\" data-element_type=\"widget\" data-widget_type=\"heading.default\">\n\t\t\t\t<div class=\"elementor-widget-container\">\n\t\t\t<h2 class=\"elementor-heading-title elementor-size-default\">\u00bfQUI\u00c9NES SOMOS?<\/h2>\t\t<\/div>\n\t\t\t\t<\/div>\n\t\t\t\t<div class=\"elementor-element elementor-element-b3cc9e2 elementor-widget elementor-widget-text-editor\" data-id=\"b3cc9e2\" data-element_type=\"widget\" data-widget_type=\"text-editor.default\">\n\t\t\t\t<div class=\"elementor-widget-container\">\n\t\t\t\t\t\t\t<p><span style=\"color: #ffffff;\"><strong><span style=\"font-family: arial, helvetica, sans-serif; font-size: 10pt;\">Somos una Instituci\u00f3n T\u00e9cnico-Productiva Cetpro Nuestra Se\u00f1ora del Rosario Fe y Alegr\u00eda 21 que brinda formaci\u00f3n a personas vulnerables con habilidades emprendedoras, ofreciendo una educaci\u00f3n de calidad y en valores.<\/span><\/strong><\/span><\/p>\t\t\t\t\t\t<\/div>\n\t\t\t\t<\/div>\n\t\t\t\t\t<\/div>\n\t\t<\/div>\n\t\t\t\t<div class=\"elementor-column elementor-col-25 elementor-top-column elementor-element elementor-element-7417c1e\" data-id=\"7417c1e\" data-element_type=\"column\">\n\t\t\t<div class=\"elementor-widget-wrap elementor-element-populated\">\n\t\t\t\t\t\t\t\t<div class=\"elementor-element elementor-element-8cf07e6 elementor-widget elementor-widget-heading\" data-id=\"8cf07e6\" data-element_type=\"widget\" data-widget_type=\"heading.default\">\n\t\t\t\t<div class=\"elementor-widget-container\">\n\t\t\t<h2 class=\"elementor-heading-title elementor-size-default\">SEDE INSTITUCIONAL\n<\/h2>\t\t<\/div>\n\t\t\t\t<\/div>\n\t\t\t\t<div class=\"elementor-element elementor-element-531571c elementor-widget elementor-widget-text-editor\" data-id=\"531571c\" data-element_type=\"widget\" data-widget_type=\"text-editor.default\">\n\t\t\t\t<div class=\"elementor-widget-container\">\n\t\t\t\t\t\t\t<p><strong><span style=\"font-family: arial, helvetica, sans-serif; font-size: 10pt; color: #ffffff;\">Cetpro Nuestra Se\u00f1ora del Rosario Fe y Alegr\u00eda 21<\/span><\/strong><br \/><strong><span style=\"font-family: arial, helvetica, sans-serif; font-size: 10pt; color: #ffffff;\">Calle Arica N\u00b0 363 &#8211; San Jer\u00f3nimo, Ciudad del Cuzco, Per\u00fa, 080006<\/span><\/strong><br \/><strong><span style=\"font-family: arial, helvetica, sans-serif; font-size: 10pt; color: #ffffff;\">Ciudad del Cuzco, Per\u00fa<\/span><\/strong><\/p>\t\t\t\t\t\t<\/div>\n\t\t\t\t<\/div>\n\t\t\t\t\t<\/div>\n\t\t<\/div>\n\t\t\t\t<div class=\"elementor-column elementor-col-25 elementor-top-column elementor-element elementor-element-ef64697\" data-id=\"ef64697\" data-element_type=\"column\">\n\t\t\t<div class=\"elementor-widget-wrap elementor-element-populated\">\n\t\t\t\t\t\t\t\t<div class=\"elementor-element elementor-element-785a866 elementor-widget elementor-widget-heading\" data-id=\"785a866\" data-element_type=\"widget\" data-widget_type=\"heading.default\">\n\t\t\t\t<div class=\"elementor-widget-container\">\n\t\t\t<h2 class=\"elementor-heading-title elementor-size-default\">CONT\u00c1CTENOS\n<\/h2>\t\t<\/div>\n\t\t\t\t<\/div>\n\t\t\t\t<div class=\"elementor-element elementor-element-212395a elementor-widget elementor-widget-text-editor\" data-id=\"212395a\" data-element_type=\"widget\" data-widget_type=\"text-editor.default\">\n\t\t\t\t<div class=\"elementor-widget-container\">\n\t\t\t\t\t\t\t<p><strong><span style=\"color: #ffffff; font-size: 10pt; font-family: arial, helvetica, sans-serif;\">OLIVA SALAS ANA ISABEL<\/span><\/strong><br \/><strong><span style=\"color: #ffffff; font-size: 10pt; font-family: arial, helvetica, sans-serif;\">Correo: aoliva@cetprofeyalegria21.edu.pe<\/span><\/strong><br \/><strong><span style=\"color: #ffffff; font-size: 10pt; font-family: arial, helvetica, sans-serif;\">Tel\u00e9fono: 920584019<\/span><\/strong><\/p>\t\t\t\t\t\t<\/div>\n\t\t\t\t<\/div>\n\t\t\t\t\t<\/div>\n\t\t<\/div>\n\t\t\t\t<div class=\"elementor-column elementor-col-25 elementor-top-column elementor-element elementor-element-8f8c322\" data-id=\"8f8c322\" data-element_type=\"column\">\n\t\t\t<div class=\"elementor-widget-wrap elementor-element-populated\">\n\t\t\t\t\t\t\t\t<div class=\"elementor-element elementor-element-4d08aa7 elementor-widget elementor-widget-image\" data-id=\"4d08aa7\" data-element_type=\"widget\" data-widget_type=\"image.default\">\n\t\t\t\t<div class=\"elementor-widget-container\">\n\t\t\t\t\t\t\t\t\t\t\t\t\t\t\t<img loading=\"lazy\" decoding=\"async\" width=\"148\" height=\"172\" src=\"https:\/\/cetprofeyalegria21.edu.pe\/wp-content\/uploads\/2022\/01\/geg.png\" class=\"attachment-large size-large\" alt=\"\" \/>\t\t\t\t\t\t\t\t\t\t\t\t\t\t\t<\/div>\n\t\t\t\t<\/div>\n\t\t\t\t\t<\/div>\n\t\t<\/div>\n\t\t\t\t\t\t\t<\/div>\n\t\t<\/section>\n\t\t\t\t\t\t<\/div>\n\t\t\t\t\t<\/div>\n\t\t","protected":false},"excerpt":{"rendered":"<p>NOSOTROS NUESTRA HISTORIA El Instituto de Educaci\u00f3n Superior Tecnol\u00f3gico P\u00fablico \u201cLos Morochucos\u201d fue creado gracias a la solicitud del alcalde el se\u00f1or Sergio Dipaz Cisneros, en el a\u00f1o 2008, instituida con la Resoluci\u00f3n Suprema N\u00ba 027 \u2013 2011 &#8211; ED de fecha 25 de junio del 2011, en convenio con la Asociaci\u00f3n Fe y Alegr\u00eda &hellip;<\/p>\n<p class=\"read-more\"> <a class=\"\" href=\"https:\/\/cetprofeyalegria21.edu.pe\/index.php\/nosotros\/\"> <span class=\"screen-reader-text\">Nosotros<\/span> Read More &raquo;<\/a><\/p>\n","protected":false},"author":1,"featured_media":0,"parent":0,"menu_order":0,"comment_status":"closed","ping_status":"closed","template":"","meta":{"site-sidebar-layout":"no-sidebar","site-content-layout":"page-builder","ast-main-header-display":"","ast-hfb-above-header-display":"","ast-hfb-below-header-display":"","ast-hfb-mobile-header-display":"","site-post-title":"disabled","ast-breadcrumbs-content":"","ast-featured-img":"disabled","footer-sml-layout":"","theme-transparent-header-meta":"","adv-header-id-meta":"","stick-header-meta":"","header-above-stick-meta":"","header-main-stick-meta":"","header-below-stick-meta":"","footnotes":""},"class_list":["post-83","page","type-page","status-publish","hentry"],"_links":{"self":[{"href":"https:\/\/cetprofeyalegria21.edu.pe\/index.php\/wp-json\/wp\/v2\/pages\/83","targetHints":{"allow":["GET"]}}],"collection":[{"href":"https:\/\/cetprofeyalegria21.edu.pe\/index.php\/wp-json\/wp\/v2\/pages"}],"about":[{"href":"https:\/\/cetprofeyalegria21.edu.pe\/index.php\/wp-json\/wp\/v2\/types\/page"}],"author":[{"embeddable":true,"href":"https:\/\/cetprofeyalegria21.edu.pe\/index.php\/wp-json\/wp\/v2\/users\/1"}],"replies":[{"embeddable":true,"href":"https:\/\/cetprofeyalegria21.edu.pe\/index.php\/wp-json\/wp\/v2\/comments?post=83"}],"version-history":[{"count":19,"href":"https:\/\/cetprofeyalegria21.edu.pe\/index.php\/wp-json\/wp\/v2\/pages\/83\/revisions"}],"predecessor-version":[{"id":290,"href":"https:\/\/cetprofeyalegria21.edu.pe\/index.php\/wp-json\/wp\/v2\/pages\/83\/revisions\/290"}],"wp:attachment":[{"href":"https:\/\/cetprofeyalegria21.edu.pe\/index.php\/wp-json\/wp\/v2\/media?parent=83"}],"curies":[{"name":"wp","href":"https:\/\/api.w.org\/{rel}","templated":true}]}}